{"id":724,"date":"2016-04-06T13:36:11","date_gmt":"2016-04-06T11:36:11","guid":{"rendered":"http:\/\/www.satzundsonders.de\/wp\/?page_id=724"},"modified":"2016-04-06T13:53:42","modified_gmt":"2016-04-06T11:53:42","slug":"zettelkasten","status":"publish","type":"page","link":"https:\/\/www.satzundsonders.de\/wp\/zettelkasten\/","title":{"rendered":"Zettelkasten"},"content":{"rendered":"<div class=\"vorspann\">\nIn unserem \u00bbZettelkasten\u00ab haben wir\u00a0n\u00fctzliche Hinweise und Formulare rund um die Organisation der Buchproduktion zusammengestellt.\n<\/div>\n<p><a href=\"http:\/\/www.satzundsonders.de\/zettelkasten\/Korrekturzeichen.pdf\">Die g\u00e4ngigsten Korrekturzeichen f\u00fcr die Textkorrektur (nach DIN&nbsp;16511)<\/a><\/p>\n<p><a href=\"http:\/\/www.satzundsonders.de\/zettelkasten\/AblaufschemaKorrekturSammelwerke.pdf\">Ablaufschema f\u00fcr die Korrektur von Sammelwerken<\/a><\/p>\n","protected":false},"excerpt":{"rendered":"<p>In unserem \u00bbZettelkasten\u00ab haben wir\u00a0n\u00fctzliche Hinweise und Formulare rund um die Organisation der Buchproduktion zusammengestellt. Die g\u00e4ngigsten Korrekturzeichen f\u00fcr die Textkorrektur (nach DIN&nbsp;16511) Ablaufschema f\u00fcr die Korrektur von Sammelwerken<\/p>\n","protected":false},"author":1,"featured_media":723,"parent":0,"menu_order":0,"comment_status":"closed","ping_status":"closed","template":"","meta":{"footnotes":""},"_links":{"self":[{"href":"https:\/\/www.satzundsonders.de\/wp\/wp-json\/wp\/v2\/pages\/724"}],"collection":[{"href":"https:\/\/www.satzundsonders.de\/wp\/wp-json\/wp\/v2\/pages"}],"about":[{"href":"https:\/\/www.satzundsonders.de\/wp\/wp-json\/wp\/v2\/types\/page"}],"author":[{"embeddable":true,"href":"https:\/\/www.satzundsonders.de\/wp\/wp-json\/wp\/v2\/users\/1"}],"replies":[{"embeddable":true,"href":"https:\/\/www.satzundsonders.de\/wp\/wp-json\/wp\/v2\/comments?post=724"}],"version-history":[{"count":7,"href":"https:\/\/www.satzundsonders.de\/wp\/wp-json\/wp\/v2\/pages\/724\/revisions"}],"predecessor-version":[{"id":735,"href":"https:\/\/www.satzundsonders.de\/wp\/wp-json\/wp\/v2\/pages\/724\/revisions\/735"}],"wp:featuredmedia":[{"embeddable":true,"href":"https:\/\/www.satzundsonders.de\/wp\/wp-json\/wp\/v2\/media\/723"}],"wp:attachment":[{"href":"https:\/\/www.satzundsonders.de\/wp\/wp-json\/wp\/v2\/media?parent=724"}],"curies":[{"name":"wp","href":"https:\/\/api.w.org\/{rel}","templated":true}]}}