{"id":487,"date":"2016-03-14T13:22:08","date_gmt":"2016-03-14T12:22:08","guid":{"rendered":"http:\/\/www.satzundsonders.de\/wp\/?page_id=487"},"modified":"2023-11-27T09:00:59","modified_gmt":"2023-11-27T08:00:59","slug":"buecher-in-bestform","status":"publish","type":"page","link":"https:\/\/www.satzundsonders.de\/wp\/","title":{"rendered":"B\u00fccher in Bestform"},"content":{"rendered":"<div class=\"vorspann\">\n<p>Auf die Reise mit Ihren\u00a0Texten sind wir gut vorbereitet.<\/p>\n<p>In mehr als 20 Jahren haben wir <a href=\"https:\/\/www.satzundsonders.de\/wp\/unsere-kleine-satzfibel\/\">typographisches Wissen<\/a>, <a href=\"https:\/\/www.satzundsonders.de\/wp\/was-wir-leisten\/\">technische Fertigkeiten<\/a> und reichlich Erfahrung im Umgang mit Texten und Autoren gesammelt.<br \/>\n<span style=\"font-size: revert; color: initial;\">satz&amp;sonders hat sich auf das Setzen von wissenschaftlichen B\u00fcchern spezialisiert. Dazu geh\u00f6ren auch eBooks.<\/span><\/p>\n<\/div>\n<p>Wir haben Freude an Effizienz und typographischer Qualit\u00e4t. Deshalb arbeiten wir \u00fcberwiegend mit dem Satzsystem <a href=\"https:\/\/www.satzundsonders.de\/wp\/wie-wir-arbeiten\/programme\/\">TeX<\/a>. Es bietet zahlreiche M\u00f6glichkeiten, die Satzarbeit zu automatisieren und zu rationalisieren. Un\u00fcbertroffen ist es darin, ein ausgewogenes Schriftbild zu erzeugen.<\/p>\n","protected":false},"excerpt":{"rendered":"<p>Auf die Reise mit Ihren\u00a0Texten sind wir gut vorbereitet. In mehr als 20 Jahren haben wir typographisches Wissen, technische Fertigkeiten und reichlich Erfahrung im Umgang mit Texten und Autoren gesammelt. satz&amp;sonders hat sich auf das Setzen von wissenschaftlichen B\u00fcchern spezialisiert. Dazu geh\u00f6ren auch eBooks. Wir haben Freude an Effizienz und typographischer Qualit\u00e4t. Deshalb arbeiten wir [&hellip;]<\/p>\n","protected":false},"author":1,"featured_media":463,"parent":0,"menu_order":0,"comment_status":"closed","ping_status":"closed","template":"","meta":{"footnotes":""},"_links":{"self":[{"href":"https:\/\/www.satzundsonders.de\/wp\/wp-json\/wp\/v2\/pages\/487"}],"collection":[{"href":"https:\/\/www.satzundsonders.de\/wp\/wp-json\/wp\/v2\/pages"}],"about":[{"href":"https:\/\/www.satzundsonders.de\/wp\/wp-json\/wp\/v2\/types\/page"}],"author":[{"embeddable":true,"href":"https:\/\/www.satzundsonders.de\/wp\/wp-json\/wp\/v2\/users\/1"}],"replies":[{"embeddable":true,"href":"https:\/\/www.satzundsonders.de\/wp\/wp-json\/wp\/v2\/comments?post=487"}],"version-history":[{"count":29,"href":"https:\/\/www.satzundsonders.de\/wp\/wp-json\/wp\/v2\/pages\/487\/revisions"}],"predecessor-version":[{"id":973,"href":"https:\/\/www.satzundsonders.de\/wp\/wp-json\/wp\/v2\/pages\/487\/revisions\/973"}],"wp:featuredmedia":[{"embeddable":true,"href":"https:\/\/www.satzundsonders.de\/wp\/wp-json\/wp\/v2\/media\/463"}],"wp:attachment":[{"href":"https:\/\/www.satzundsonders.de\/wp\/wp-json\/wp\/v2\/media?parent=487"}],"curies":[{"name":"wp","href":"https:\/\/api.w.org\/{rel}","templated":true}]}}